{"id":89,"date":"2026-01-14T07:42:09","date_gmt":"2026-01-14T07:42:09","guid":{"rendered":"https:\/\/salamadance.fi\/?page_id=89"},"modified":"2026-04-01T06:15:26","modified_gmt":"2026-04-01T06:15:26","slug":"salamadance-company","status":"publish","type":"page","link":"https:\/\/salamadance.fi\/?page_id=89","title":{"rendered":"SalamaDance Company"},"content":{"rendered":"\t\t<div data-elementor-type=\"wp-page\" data-elementor-id=\"89\" class=\"elementor elementor-89\">\n\t\t\t\t<div class=\"elementor-element elementor-element-69bed695 e-con-full e-flex e-con e-parent\" data-id=\"69bed695\" data-element_type=\"container\">\n\t\t\t\t<div class=\"elementor-element elementor-element-2dc7952 elementor-widget__width-initial elementor-widget elementor-widget-text-editor\" data-id=\"2dc7952\" data-element_type=\"widget\" data-widget_type=\"text-editor.default\">\n\t\t\t\t\t\t\t\t\t\n<figure class=\"wp-block-image size-full\"><img fetchpriority=\"high\" decoding=\"async\" width=\"352\" height=\"362\" class=\"wp-image-23\" src=\"https:\/\/salamadance.fi\/wp-content\/uploads\/2026\/01\/cropped-Heidi.png\" alt=\"\" \/><\/figure>\n\t\t\t\t\t\t\t\t<\/div>\n\t\t\t\t<\/div>\n\t\t<div class=\"elementor-element elementor-element-c8956b8 e-flex e-con-boxed e-con e-parent\" data-id=\"c8956b8\" data-element_type=\"container\">\n\t\t\t\t\t<div class=\"e-con-inner\">\n\t\t<div class=\"elementor-element elementor-element-fd0ce8f e-con-full e-flex e-con e-child\" data-id=\"fd0ce8f\" data-element_type=\"container\">\n\t\t\t\t<div class=\"elementor-element elementor-element-48f71eb elementor-widget elementor-widget-text-editor\" data-id=\"48f71eb\" data-element_type=\"widget\" data-widget_type=\"text-editor.default\">\n\t\t\t\t\t\t\t\t\t<p style=\"text-align: center;\">SalamaDance Company on lappeenrantalaisen tanssitaiteilijan Sanna Salaman perustama nykytanssiryhm\u00e4.<\/p>\n<p style=\"text-align: center;\">Salama on toiminut itsen\u00e4isen\u00e4 taiteilijana Etel\u00e4Karjalan alueella jo kymmenen vuoden ajan ja laajentaa vuonna 2026 toimintaansa Company -muotoiseen ty\u00f6skentelyyn.<\/p>\n<p style=\"text-align: center;\">Ryhm\u00e4n ensimm\u00e4inen teos on paikallisuudesta ammentava, Via Karelia.<\/p>\n<p style=\"text-align: center;\">SalamaDance Companyn tavoitteena on tuottaa korkeatasoista nykytanssia Etel\u00e4Karjalassa sek\u00e4 vahvistaa alueellista tanssikentt\u00e4\u00e4 ja luoda tilaa pitk\u00e4j\u00e4nteiselle taiteelliselle ty\u00f6skentelylle yhteisty\u00f6ss\u00e4 jo olemassa olevien resurssien kanssa.<\/p>\t\t\t\t\t\t\t\t<\/div>\n\t\t\t\t<\/div>\n\t\t<div class=\"elementor-element elementor-element-b03f831 e-con-full e-flex e-con e-child\" data-id=\"b03f831\" data-element_type=\"container\">\n\t\t\t\t<div class=\"elementor-element elementor-element-a5f459d elementor-widget elementor-widget-text-editor\" data-id=\"a5f459d\" data-element_type=\"widget\" data-widget_type=\"text-editor.default\">\n\t\t\t\t\t\t\t\t\t<p style=\"text-align: center;\">SalamaDance Company is a contemporary dancegroup from Finland, Shout Karelia. It is established by an danceartist Sanna Salama from Lappeenranta.\u00a0<\/p><p style=\"text-align: center;\">Salama has been working as an independent artist in her area for ten years. SalamaDance Company is founded 2026.<\/p><p style=\"text-align: center;\">Companys first piece is called Via Karelia. Via Karelia gets inspiration from local regional South Karelia cultural heritage.<\/p><p style=\"text-align: center;\">Companys goal for the future is to produce professional contemporary dance at Shouth Karelia region and reinforce its regional attraction with the existing cultural resources.<\/p>\t\t\t\t\t\t\t\t<\/div>\n\t\t\t\t<\/div>\n\t\t\t\t\t<\/div>\n\t\t\t\t<\/div>\n\t\t\t\t<\/div>\n\t\t","protected":false},"excerpt":{"rendered":"<p>SalamaDance Company on lappeenrantalaisen tanssitaiteilijan Sanna Salaman perustama nykytanssiryhm\u00e4. Salama on toiminut itsen\u00e4isen\u00e4 taiteilijana Etel\u00e4Karjalan alueella jo kymmenen vuoden ajan ja laajentaa vuonna 2026 toimintaansa Company -muotoiseen ty\u00f6skentelyyn. Ryhm\u00e4n ensimm\u00e4inen teos on paikallisuudesta ammentava, Via Karelia. SalamaDance Companyn tavoitteena on tuottaa korkeatasoista nykytanssia Etel\u00e4Karjalassa sek\u00e4 vahvistaa alueellista tanssikentt\u00e4\u00e4 ja luoda tilaa pitk\u00e4j\u00e4nteiselle taiteelliselle ty\u00f6skentelylle yhteisty\u00f6ss\u00e4 [&hellip;]<\/p>\n","protected":false},"author":1,"featured_media":0,"parent":0,"menu_order":0,"comment_status":"closed","ping_status":"closed","template":"","meta":{"footnotes":""},"categories":[],"tags":[],"class_list":["post-89","page","type-page","status-publish","hentry"],"_links":{"self":[{"href":"https:\/\/salamadance.fi\/index.php?rest_route=\/wp\/v2\/pages\/89","targetHints":{"allow":["GET"]}}],"collection":[{"href":"https:\/\/salamadance.fi\/index.php?rest_route=\/wp\/v2\/pages"}],"about":[{"href":"https:\/\/salamadance.fi\/index.php?rest_route=\/wp\/v2\/types\/page"}],"author":[{"embeddable":true,"href":"https:\/\/salamadance.fi\/index.php?rest_route=\/wp\/v2\/users\/1"}],"replies":[{"embeddable":true,"href":"https:\/\/salamadance.fi\/index.php?rest_route=%2Fwp%2Fv2%2Fcomments&post=89"}],"version-history":[{"count":13,"href":"https:\/\/salamadance.fi\/index.php?rest_route=\/wp\/v2\/pages\/89\/revisions"}],"predecessor-version":[{"id":645,"href":"https:\/\/salamadance.fi\/index.php?rest_route=\/wp\/v2\/pages\/89\/revisions\/645"}],"wp:attachment":[{"href":"https:\/\/salamadance.fi\/index.php?rest_route=%2Fwp%2Fv2%2Fmedia&parent=89"}],"wp:term":[{"taxonomy":"category","embeddable":true,"href":"https:\/\/salamadance.fi\/index.php?rest_route=%2Fwp%2Fv2%2Fcategories&post=89"},{"taxonomy":"post_tag","embeddable":true,"href":"https:\/\/salamadance.fi\/index.php?rest_route=%2Fwp%2Fv2%2Ftags&post=89"}],"curies":[{"name":"wp","href":"https:\/\/api.w.org\/{rel}","templated":true}]}}