{"id":87,"date":"2026-01-14T07:41:05","date_gmt":"2026-01-14T07:41:05","guid":{"rendered":"https:\/\/salamadance.fi\/?page_id=87"},"modified":"2026-03-09T07:16:47","modified_gmt":"2026-03-09T07:16:47","slug":"sanna-salama","status":"publish","type":"page","link":"https:\/\/salamadance.fi\/?page_id=87","title":{"rendered":"Sanna Salama"},"content":{"rendered":"\t\t<div data-elementor-type=\"wp-page\" data-elementor-id=\"87\" class=\"elementor elementor-87\">\n\t\t\t\t<div class=\"elementor-element elementor-element-b115d41 e-flex e-con-boxed e-con e-parent\" data-id=\"b115d41\" data-element_type=\"container\">\n\t\t\t\t\t<div class=\"e-con-inner\">\n\t\t<div class=\"elementor-element elementor-element-a031a54 e-con-full e-flex e-con e-child\" data-id=\"a031a54\" data-element_type=\"container\">\n\t\t\t\t<div class=\"elementor-element elementor-element-49019aa elementor-widget elementor-widget-image\" data-id=\"49019aa\" data-element_type=\"widget\" data-widget_type=\"image.default\">\n\t\t\t\t\t\t\t\t\t\t\t\t\t\t\t<img fetchpriority=\"high\" decoding=\"async\" width=\"1024\" height=\"1024\" src=\"https:\/\/salamadance.fi\/wp-content\/uploads\/2026\/01\/DSN1959-1024x1024.jpg\" class=\"attachment-large size-large wp-image-49\" alt=\"\" srcset=\"https:\/\/salamadance.fi\/wp-content\/uploads\/2026\/01\/DSN1959-1024x1024.jpg 1024w, https:\/\/salamadance.fi\/wp-content\/uploads\/2026\/01\/DSN1959-300x300.jpg 300w, https:\/\/salamadance.fi\/wp-content\/uploads\/2026\/01\/DSN1959-150x150.jpg 150w, https:\/\/salamadance.fi\/wp-content\/uploads\/2026\/01\/DSN1959-768x768.jpg 768w\" sizes=\"(max-width: 1024px) 100vw, 1024px\" \/>\t\t\t\t\t\t\t\t\t\t\t\t\t\t\t<\/div>\n\t\t\t\t<\/div>\n\t\t<div class=\"elementor-element elementor-element-7c5accd e-con-full e-flex e-con e-child\" data-id=\"7c5accd\" data-element_type=\"container\">\n\t\t\t\t<div class=\"elementor-element elementor-element-7efce85 elementor-widget__width-initial elementor-widget elementor-widget-text-editor\" data-id=\"7efce85\" data-element_type=\"widget\" data-widget_type=\"text-editor.default\">\n\t\t\t\t\t\t\t\t\t<p data-start=\"135\" data-end=\"676\">Olen Lappeenrannassa toimiva tanssitaiteilija, jonka juuret ovat pieness\u00e4 Simpeleen, kyl\u00e4ss\u00e4 Etel\u00e4-Karjalassa. Tanssipolkuni alkoi tanssitaiteen perusopetuksessa Imatralla, mink\u00e4 j\u00e4lkeen siirryin Kuopion yhteiskoulun musiikkilukion tanssilinjalle, jossa kiinnostukseni koreografiseen ty\u00f6skentelyyn her\u00e4si. Ammatilliset tanssiopintoni suoritin Tampereen konservatoriossa, jossa kehittyin erityisesti teknisesti ja l\u00f6ysin omat vahvuuteni tanssijana. P\u00e4\u00e4lajikseni muodostui nykytanssi, jonka rinnalla katutanssi on kulkenut vahvana toisena kotikentt\u00e4n\u00e4.<\/p>\n<p data-start=\"683\" data-end=\"1219\">Viimeiset kymmenen vuotta olen toiminut Etel\u00e4-Karjalan alueella tanssijana, koreografina ja tanssinopettajana. Olen ty\u00f6llistynyt s\u00e4\u00e4nn\u00f6llisen ep\u00e4s\u00e4\u00e4nn\u00f6llisesti Lappeenrannan kaupunginteatterilla, opettanut alueen tanssikouluissa ja ollut mukana tuomassa tanssitaidetta n\u00e4kyv\u00e4ksi ja koettavaksi osaksi paikallista kulttuurikentt\u00e4\u00e4.<\/p>\n<p>Tanssijana omaan vahvan lavapresenssin ja olen moneen muottiin sujahtava tekij\u00e4.\u00a0<\/p>\n<p>Taiteilijana olen jokseenkin suurpiirteinen ja omista l\u00e4ht\u00f6kohdista ammentava.\u00a0<\/p>\n<p>Opettajana olen innostava ja ajatuksia her\u00e4tt\u00e4v\u00e4.<\/p>\n<p>Ihmisen\u00e4 olen iloinen, suoraviivainen, aikaansaava ja rehellinen.<\/p>\t\t\t\t\t\t\t\t<\/div>\n\t\t\t\t<div class=\"elementor-element elementor-element-cff70c1 elementor-align-left elementor-widget elementor-widget-button\" data-id=\"cff70c1\" data-element_type=\"widget\" data-widget_type=\"button.default\">\n\t\t\t\t\t\t\t\t\t\t<a class=\"elementor-button elementor-button-link elementor-size-sm\" href=\"https:\/\/salamadance.fi\/wp-content\/uploads\/2026\/01\/CV-Sanna-Salama-1.pdf\" target=\"_blank\" id=\"https:\/\/salamadance.fi\/wp-content\/uploads\/2026\/01\/CV-Sanna-Salama-1.pdf\">\n\t\t\t\t\t\t<span class=\"elementor-button-content-wrapper\">\n\t\t\t\t\t\t<span class=\"elementor-button-icon\">\n\t\t\t\t<svg aria-hidden=\"true\" class=\"e-font-icon-svg e-far-hand-peace\" viewBox=\"0 0 448 512\" xmlns=\"http:\/\/www.w3.org\/2000\/svg\"><path d=\"M362.146 191.976c-13.71-21.649-38.761-34.016-65.006-30.341V74c0-40.804-32.811-74-73.141-74-40.33 0-73.14 33.196-73.14 74L160 168l-18.679-78.85C126.578 50.843 83.85 32.11 46.209 47.208 8.735 62.238-9.571 104.963 5.008 142.85l55.757 144.927c-30.557 24.956-43.994 57.809-24.733 92.218l54.853 97.999C102.625 498.97 124.73 512 148.575 512h205.702c30.744 0 57.558-21.44 64.555-51.797l27.427-118.999a67.801 67.801 0 0 0 1.729-15.203L448 256c0-44.956-43.263-77.343-85.854-64.024zM399.987 326c0 1.488-.169 2.977-.502 4.423l-27.427 119.001c-1.978 8.582-9.29 14.576-17.782 14.576H148.575c-6.486 0-12.542-3.621-15.805-9.449l-54.854-98c-4.557-8.141-2.619-18.668 4.508-24.488l26.647-21.764a16 16 0 0 0 4.812-18.139l-64.09-166.549C37.226 92.956 84.37 74.837 96.51 106.389l59.784 155.357A16 16 0 0 0 171.227 272h11.632c8.837 0 16-7.163 16-16V74c0-34.375 50.281-34.43 50.281 0v182c0 8.837 7.163 16 16 16h6.856c8.837 0 16-7.163 16-16v-28c0-25.122 36.567-25.159 36.567 0v28c0 8.837 7.163 16 16 16h6.856c8.837 0 16-7.163 16-16 0-25.12 36.567-25.16 36.567 0v70z\"><\/path><\/svg>\t\t\t<\/span>\n\t\t\t\t\t\t\t\t\t<span class=\"elementor-button-text\">CV<\/span>\n\t\t\t\t\t<\/span>\n\t\t\t\t\t<\/a>\n\t\t\t\t\t\t\t\t<\/div>\n\t\t\t\t<\/div>\n\t\t\t\t\t<\/div>\n\t\t\t\t<\/div>\n\t\t<div class=\"elementor-element elementor-element-8f376ff e-grid e-con-boxed e-con e-parent\" data-id=\"8f376ff\" data-element_type=\"container\">\n\t\t\t\t\t<div class=\"e-con-inner\">\n\t\t\t\t<div class=\"elementor-element elementor-element-91b269f elementor-widget elementor-widget-text-editor\" data-id=\"91b269f\" data-element_type=\"widget\" data-widget_type=\"text-editor.default\">\n\t\t\t\t\t\t\t\t\t<p><img decoding=\"async\" class=\"alignnone wp-image-324 size-full\" src=\"https:\/\/salamadance.fi\/wp-content\/uploads\/2026\/01\/9-to-5-some_1080-x-1350-px.jpg\" alt=\"\" width=\"1080\" height=\"1350\" \/><\/p><p>9to5 Hommat hoituu!\u00a0<\/p><ul><li>2025-2026 Lappeenrannan kaupunginteatteri<\/li><li>Tanssija, tanssikapteeni, on-stage swing<\/li><li>Ohjaus Jukka Nylund<\/li><li>Koreografia Katrin Vaskelainen<\/li><li><a href=\"https:\/\/lappeenranta.kuvat.fi\/kuvat\/Lappeenrannan+kaupunginteatteri\/Syksy+2025\/9+to+5+%E2%80%93+Hommat+hoituu!\/\" target=\"_blank\" rel=\"noopener\">Media kuvat<\/a><\/li><\/ul>\t\t\t\t\t\t\t\t<\/div>\n\t\t\t\t<div class=\"elementor-element elementor-element-b733bf5 elementor-widget elementor-widget-text-editor\" data-id=\"b733bf5\" data-element_type=\"widget\" data-widget_type=\"text-editor.default\">\n\t\t\t\t\t\t\t\t\t<p><img decoding=\"async\" class=\"alignnone size-full wp-image-351\" src=\"https:\/\/salamadance.fi\/wp-content\/uploads\/2026\/02\/Instagram-nelio.png\" alt=\"\" width=\"1080\" height=\"1080\" srcset=\"https:\/\/salamadance.fi\/wp-content\/uploads\/2026\/02\/Instagram-nelio.png 1080w, https:\/\/salamadance.fi\/wp-content\/uploads\/2026\/02\/Instagram-nelio-300x300.png 300w, https:\/\/salamadance.fi\/wp-content\/uploads\/2026\/02\/Instagram-nelio-1024x1024.png 1024w, https:\/\/salamadance.fi\/wp-content\/uploads\/2026\/02\/Instagram-nelio-150x150.png 150w, https:\/\/salamadance.fi\/wp-content\/uploads\/2026\/02\/Instagram-nelio-768x768.png 768w\" sizes=\"(max-width: 1080px) 100vw, 1080px\" \/><\/p><p><span style=\"font-size: 1rem;\">Taste Saimaa tapahtumapilotti<\/span><\/p><ul><li>2024-2026<\/li><li>Improvisoitu nykytanssisoolo Olavinlinna, Savonlinna. Piano Risto Sojakka, Laulu Janette H\u00e4m\u00e4l\u00e4inen<\/li><li>Improvisoitu nykytanssisoolo taidegalleria Pihatto, Lappeenranta. Saksofoni Ilta Attila.<\/li><li>Improvisoitu nykytanssiduetto Kehruuhuone, Lappeenranta. Tanssi, Veera Sojakka, piano\/laulu Risto Sojakka.<\/li><li><a href=\"https:\/\/www.tastesaimaa.fi\/\" target=\"_blank\" rel=\"noopener\">Hankkeen sivut<\/a><\/li><\/ul>\t\t\t\t\t\t\t\t<\/div>\n\t\t\t\t<div class=\"elementor-element elementor-element-be8be10 elementor-widget elementor-widget-text-editor\" data-id=\"be8be10\" data-element_type=\"widget\" data-widget_type=\"text-editor.default\">\n\t\t\t\t\t\t\t\t\t<p><img loading=\"lazy\" decoding=\"async\" class=\"alignnone wp-image-349\" src=\"https:\/\/salamadance.fi\/wp-content\/uploads\/2026\/02\/myllysaariIGstory.png\" alt=\"\" width=\"320\" height=\"569\" srcset=\"https:\/\/salamadance.fi\/wp-content\/uploads\/2026\/02\/myllysaariIGstory.png 1080w, https:\/\/salamadance.fi\/wp-content\/uploads\/2026\/02\/myllysaariIGstory-864x1536.png 864w\" sizes=\"(max-width: 320px) 100vw, 320px\" \/><\/p><p>Saimaan syliss\u00e4<\/p><ul><li>2024<\/li><li>Tanssija\/koreografi<\/li><li>Paikkasidonnainen teos yhteisty\u00f6ss\u00e4 tanssitaiteilija Veera Sojakan ja Rakuunan soittokunnan kanssa.<\/li><li>Lappeenrannan Myllysaaren uimalaitos.<\/li><li>\u00a0Teos yhdistelee tanssia, el\u00e4v\u00e4\u00e4 musiikkia ja uintia ja on osa Lappeenrannan kulttuurin unelmavuotta 2024.<\/li><li><a href=\"https:\/\/tapahtumat.lappeenranta.fi\/fi-FI\/page\/6662da4d7b887b6318342988?count=24&amp;sort=creationDate&amp;reverse=true\">Tapahtumasivut<\/a><\/li><\/ul>\t\t\t\t\t\t\t\t<\/div>\n\t\t\t\t<div class=\"elementor-element elementor-element-633b5e4 elementor-widget elementor-widget-text-editor\" data-id=\"633b5e4\" data-element_type=\"widget\" data-widget_type=\"text-editor.default\">\n\t\t\t\t\t\t\t\t\t<p><img loading=\"lazy\" decoding=\"async\" class=\"alignnone size-full wp-image-359\" src=\"https:\/\/salamadance.fi\/wp-content\/uploads\/2026\/02\/Tunteellinen-kone.jpg\" alt=\"\" width=\"1086\" height=\"1536\" \/><\/p><p>Tunteellinen kone<\/p><ul><li>2022 Lappeenrannan kaupunginteatteri<\/li><li>Koreografi<\/li><li>Lappeenrannan lukioteatterin ja Lappeenrannan kaupunginteatterin yhteistuotanto.<\/li><li>Ohjaus Marika Kesseli ja Susanna Kauppi<\/li><li>Lavalla noin 60 nuorta.<\/li><li><a href=\"https:\/\/lappeenranta.kuvat.fi\/kuvat\/Lappeenrannan+kaupunginteatteri\/Kev%C3%A4t+2022\/Tunteellinen+kone\/\" target=\"_blank\" rel=\"noopener\">Media kuvat<\/a><\/li><\/ul>\t\t\t\t\t\t\t\t<\/div>\n\t\t\t\t<div class=\"elementor-element elementor-element-4ef3695 elementor-widget elementor-widget-text-editor\" data-id=\"4ef3695\" data-element_type=\"widget\" data-widget_type=\"text-editor.default\">\n\t\t\t\t\t\t\t\t\t<p><img loading=\"lazy\" decoding=\"async\" class=\"alignnone size-full wp-image-360\" src=\"https:\/\/salamadance.fi\/wp-content\/uploads\/2026\/02\/2012-Lprteatteri-RHood-ilme-pysty-lores.jpg\" alt=\"\" width=\"1047\" height=\"1536\" \/><\/p><p>Robin hood<\/p><ul><li>2021 Lappeenrannan kaupunginteatteri<\/li><li>Koreografi<\/li><li>Ohjaus Ilmari Pursiainen ja Iiris Rannio<\/li><li>Taistelukoreografi Oula Kitti<\/li><li><a href=\"https:\/\/lappeenranta.kuvat.fi\/kuvat\/Lappeenrannan+kaupunginteatteri\/Syksy+2021\/Robin+Hood\/\" target=\"_blank\" rel=\"noopener\">Media kuvat<\/a><\/li><li style=\"list-style-type: none;\">\u00a0<\/li><\/ul>\t\t\t\t\t\t\t\t<\/div>\n\t\t\t\t<div class=\"elementor-element elementor-element-fc42d42 elementor-widget elementor-widget-text-editor\" data-id=\"fc42d42\" data-element_type=\"widget\" data-widget_type=\"text-editor.default\">\n\t\t\t\t\t\t\t\t\t<p><img loading=\"lazy\" decoding=\"async\" class=\"alignnone size-full wp-image-364\" src=\"https:\/\/salamadance.fi\/wp-content\/uploads\/2026\/02\/vesitorni.jpeg\" alt=\"\" width=\"1131\" height=\"1600\" srcset=\"https:\/\/salamadance.fi\/wp-content\/uploads\/2026\/02\/vesitorni.jpeg 1131w, https:\/\/salamadance.fi\/wp-content\/uploads\/2026\/02\/vesitorni-1086x1536.jpeg 1086w\" sizes=\"(max-width: 1131px) 100vw, 1131px\" \/><\/p><p>Kieltoliike<\/p><ul><li>2020<\/li><li>Koreografi\/tanssija<\/li><li>Nelj\u00e4 videotanssiteosta Lappeenrannan kaupungin maamerkeille<\/li><li>Teokset avautuivat QR koodilla<\/li><li><a href=\"https:\/\/kieltoliike.webnode.fi\/\" target=\"_blank\" rel=\"noopener\">Teoksen nettisivut<\/a><\/li><\/ul>\t\t\t\t\t\t\t\t<\/div>\n\t\t\t\t\t<\/div>\n\t\t\t\t<\/div>\n\t\t<div class=\"elementor-element elementor-element-80b6d1e e-grid e-con-boxed e-con e-parent\" data-id=\"80b6d1e\" data-element_type=\"container\">\n\t\t\t\t\t<div class=\"e-con-inner\">\n\t\t\t\t<div class=\"elementor-element elementor-element-81e6c57 elementor-widget elementor-widget-text-editor\" data-id=\"81e6c57\" data-element_type=\"widget\" data-widget_type=\"text-editor.default\">\n\t\t\t\t\t\t\t\t\t<p><img loading=\"lazy\" decoding=\"async\" class=\"alignnone size-full wp-image-369\" src=\"https:\/\/salamadance.fi\/wp-content\/uploads\/2026\/02\/runar-kyllikki_600.jpg\" alt=\"\" width=\"600\" height=\"800\" \/><\/p><p>Runar ja Kyllikki -Laulu kielletyist\u00e4 iloista<\/p><ul><li>2018-2019<\/li><li>Koreografi<\/li><li>Lappeenrannan kaupunginteatteri<\/li><li>Ohjaus Sirpa Riuttala<\/li><li><a href=\"https:\/\/www.youtube.com\/watch?v=a4RijQ6-BkA&amp;list=PLr3KgO4XzwEUtzsl1HNR9QeRAd_dJ6T63&amp;index=6\" target=\"_blank\" rel=\"noopener\">Teoksen Teaser<\/a><\/li><\/ul>\t\t\t\t\t\t\t\t<\/div>\n\t\t\t\t<div class=\"elementor-element elementor-element-d9097cf elementor-widget elementor-widget-text-editor\" data-id=\"d9097cf\" data-element_type=\"widget\" data-widget_type=\"text-editor.default\">\n\t\t\t\t\t\t\t\t\t<p><img loading=\"lazy\" decoding=\"async\" class=\"alignnone size-full wp-image-370\" src=\"https:\/\/salamadance.fi\/wp-content\/uploads\/2026\/02\/kaunisveera2018.jpg\" alt=\"\" width=\"800\" height=\"1135\" \/><\/p><p>Kaunis Veera<\/p><ul><li>2018-2019<\/li><li>Tanssija<\/li><li>Uusi Iloinen teatteri<\/li><li>Lappeenrannan kes\u00e4teatteri 2018<\/li><li>Riihivuoren kes\u00e4teatteri 2019<\/li><li>Ohjaus Sari Siikander<\/li><li>Koreografi Mikko Ahti<\/li><\/ul>\t\t\t\t\t\t\t\t<\/div>\n\t\t\t\t<div class=\"elementor-element elementor-element-7c67030 elementor-widget elementor-widget-text-editor\" data-id=\"7c67030\" data-element_type=\"widget\" data-widget_type=\"text-editor.default\">\n\t\t\t\t\t\t\t\t\t<p><img decoding=\"async\" class=\"alignnone size-full wp-image-372\" src=\"https:\/\/salamadance.fi\/wp-content\/uploads\/2026\/02\/1000014791-1.jpg\" alt=\"\" \/>\u00a0<\/p><p>Mit\u00e4s me taiteilijat<\/p><ul><li>Koreografi\/Tanssija<\/li><li>2018<\/li><li>Esa Salaman taiden\u00e4yttely ja videoinstallaatio, Piika ja Renki Mustila<\/li><li>Kuvaaja\/editoija\/musiikki Antti Joronen<\/li><li><a href=\"https:\/\/www.youtube.com\/watch?v=Wk6PPmOTYuw\" target=\"_blank\" rel=\"noopener\">Videoinstallaatio<\/a><\/li><\/ul>\t\t\t\t\t\t\t\t<\/div>\n\t\t\t\t\t<\/div>\n\t\t\t\t<\/div>\n\t\t\t\t<\/div>\n\t\t","protected":false},"excerpt":{"rendered":"<p>Olen Lappeenrannassa toimiva tanssitaiteilija, jonka juuret ovat pieness\u00e4 Simpeleen, kyl\u00e4ss\u00e4 Etel\u00e4-Karjalassa. Tanssipolkuni alkoi tanssitaiteen perusopetuksessa Imatralla, mink\u00e4 j\u00e4lkeen siirryin Kuopion yhteiskoulun musiikkilukion tanssilinjalle, jossa kiinnostukseni koreografiseen ty\u00f6skentelyyn her\u00e4si. Ammatilliset tanssiopintoni suoritin Tampereen konservatoriossa, jossa kehittyin erityisesti teknisesti ja l\u00f6ysin omat vahvuuteni tanssijana. P\u00e4\u00e4lajikseni muodostui nykytanssi, jonka rinnalla katutanssi on kulkenut vahvana toisena kotikentt\u00e4n\u00e4. Viimeiset kymmenen [&hellip;]<\/p>\n","protected":false},"author":1,"featured_media":0,"parent":0,"menu_order":0,"comment_status":"closed","ping_status":"closed","template":"","meta":{"footnotes":""},"categories":[],"tags":[],"class_list":["post-87","page","type-page","status-publish","hentry"],"_links":{"self":[{"href":"https:\/\/salamadance.fi\/index.php?rest_route=\/wp\/v2\/pages\/87","targetHints":{"allow":["GET"]}}],"collection":[{"href":"https:\/\/salamadance.fi\/index.php?rest_route=\/wp\/v2\/pages"}],"about":[{"href":"https:\/\/salamadance.fi\/index.php?rest_route=\/wp\/v2\/types\/page"}],"author":[{"embeddable":true,"href":"https:\/\/salamadance.fi\/index.php?rest_route=\/wp\/v2\/users\/1"}],"replies":[{"embeddable":true,"href":"https:\/\/salamadance.fi\/index.php?rest_route=%2Fwp%2Fv2%2Fcomments&post=87"}],"version-history":[{"count":154,"href":"https:\/\/salamadance.fi\/index.php?rest_route=\/wp\/v2\/pages\/87\/revisions"}],"predecessor-version":[{"id":506,"href":"https:\/\/salamadance.fi\/index.php?rest_route=\/wp\/v2\/pages\/87\/revisions\/506"}],"wp:attachment":[{"href":"https:\/\/salamadance.fi\/index.php?rest_route=%2Fwp%2Fv2%2Fmedia&parent=87"}],"wp:term":[{"taxonomy":"category","embeddable":true,"href":"https:\/\/salamadance.fi\/index.php?rest_route=%2Fwp%2Fv2%2Fcategories&post=87"},{"taxonomy":"post_tag","embeddable":true,"href":"https:\/\/salamadance.fi\/index.php?rest_route=%2Fwp%2Fv2%2Ftags&post=87"}],"curies":[{"name":"wp","href":"https:\/\/api.w.org\/{rel}","templated":true}]}}