{"id":530,"date":"2026-03-09T13:58:52","date_gmt":"2026-03-09T13:58:52","guid":{"rendered":"https:\/\/salamadance.fi\/?page_id=530"},"modified":"2026-04-10T09:57:46","modified_gmt":"2026-04-10T09:57:46","slug":"via-karelia-2026","status":"publish","type":"page","link":"https:\/\/salamadance.fi\/?page_id=530","title":{"rendered":"Via Karelia 2026"},"content":{"rendered":"\t\t<div data-elementor-type=\"wp-page\" data-elementor-id=\"530\" class=\"elementor elementor-530\">\n\t\t\t\t<div class=\"elementor-element elementor-element-f62c5c3 e-grid e-con-boxed e-con e-parent\" data-id=\"f62c5c3\" data-element_type=\"container\">\n\t\t\t\t\t<div class=\"e-con-inner\">\n\t\t\t\t<div class=\"elementor-element elementor-element-8bbbcbf elementor-widget elementor-widget-heading\" data-id=\"8bbbcbf\" data-element_type=\"widget\" data-widget_type=\"heading.default\">\n\t\t\t\t\t<h2 class=\"elementor-heading-title elementor-size-default\">Via Karelia<\/h2>\t\t\t\t<\/div>\n\t\t\t\t<div class=\"elementor-element elementor-element-6ea6c1f elementor-widget elementor-widget-image\" data-id=\"6ea6c1f\" data-element_type=\"widget\" data-widget_type=\"image.default\">\n\t\t\t\t\t\t\t\t\t\t\t\t\t\t\t<img decoding=\"async\" width=\"1\" height=\"1\" src=\"https:\/\/salamadance.fi\/wp-content\/uploads\/2026\/03\/diakonaali-1.jpg\" class=\"attachment-large size-large wp-image-534\" alt=\"\" \/>\t\t\t\t\t\t\t\t\t\t\t\t\t\t\t<\/div>\n\t\t\t\t<div class=\"elementor-element elementor-element-0ba25f7 elementor-widget elementor-widget-text-editor\" data-id=\"0ba25f7\" data-element_type=\"widget\" data-widget_type=\"text-editor.default\">\n\t\t\t\t\t\t\t\t\t<div><strong><span style=\"color: #ff0000;\"><i>Ennen l\u00e4ht\u00f6 oli pakollinen, nyt se on valinta.<\/i><\/span><\/strong><\/div>\n<div>\u00a0<\/div>\n<div><strong>Via Karelia<\/strong> on ylisukupolvinen nykytanssiteos kehollisesta kotiseutukokemuksesta. Se ammentaa karjalaisesta runolauluperinteest\u00e4, Via Karelia -matkailureitin<\/div>\n<div>historiasta, tanssijoiden henkil\u00f6kohtaisista poluista ammattilaisiksi sek\u00e4 Siiri Salaman muistelmista ajalta ennen sotaa.\u00a0Liike toimii ruumiillisena runolauluna, jossa yksil\u00f6llinen ja yhteinen sek\u00e4 moderni ja perinteinen kietoutuvat toisiinsa.<\/div>\n<div>\u00a0<\/div>\n<div>Via Karelia kutsuu sinut liikkeeseen kotiseutusi kanssa. Vaikka teos katsoo taaksep\u00e4in, se el\u00e4\u00e4 vahvasti t\u00e4ss\u00e4 hetkess\u00e4 ja kurkottaa my\u00f6s tulevaisuuteen. Teos tanssitaan kokonaisuudessaan kansanmuusikko <strong>Maija Kauhasen<\/strong> musiikkiin.<\/div>\n<div>\u00a0<\/div>\n<div>Teos on SalamaDance Companyn ja Lappeenrannan kaupunginteatterin yhteistuotanto.<\/div>\n<div>\u00a0<\/div>\n<p><strong>K\u00e4sikirjoitus:<\/strong> Sanna Salama\/Siiri Salama<\/p>\n<p><strong>Koreografi:<\/strong> Susanna Kivinen<\/p>\n<p><strong>Tanssijat:<\/strong> Hilppa Huusman, Sanna Salama, Heidi Tiainen<\/p>\n<p><strong>Musiikki:<\/strong> Maija Kauhanen<\/p>\n<p><a href=\"https:\/\/www.maijakauhanen.com\/\">https:\/\/www.maijakauhanen.com\/<\/a><\/p>\n<p><strong>Valosuunnittelu:<\/strong> Antti Helminen<\/p>\n<p><strong>Skenografia:<\/strong> Ty\u00f6ryhm\u00e4<\/p>\n<p><strong>Puvustus\/lavastus\/tarpeisto:<\/strong> Lappeenrannan kaupunginteatteri<\/p>\n<p><strong>Harjoitustila:<\/strong> Tanssistudio Jami, Imatra<\/p>\n<p><strong>Rahoittajat:<\/strong> Kalevalaseura -s\u00e4\u00e4ti\u00f6, Karjalan kulttuurirahasto, Lappeenrannan kaupunki.<\/p>\n<p><strong>Kesto:<\/strong> n. 1 h, ei v\u00e4liaikaa<br \/><strong>Tyylilaji:<\/strong> Nykytanssi<\/p>\n<p><strong>N\u00c4YT\u00d6KSET:<\/strong><\/p>\n<p>PE 14.8. klo 18.00 ENSI-ILTA<\/p>\n<p>LA 15.8. klo 13.00<\/p>\n<p>PE 21.8. klo 18.00<\/p>\n<p>LA 22.8. klo 13.00<\/p>\n<p>PE 28.8. klo 18.00<\/p>\n<p>LA 29.8. klo 13.00<\/p>\n<h1><span style=\"color: #ff0000;\"><strong><a style=\"color: #ff0000;\" href=\"https:\/\/www.lippu.fi\/artist\/lappeenrannan-kaupunginteatteri\/nykytanssiteos-via-karelia-4122299\/\" target=\"_blank\" rel=\"noopener\">LIPUT<\/a><\/strong><\/span><\/h1>\t\t\t\t\t\t\t\t<\/div>\n\t\t\t\t<div class=\"elementor-element elementor-element-4102415 elementor-widget elementor-widget-text-editor\" data-id=\"4102415\" data-element_type=\"widget\" data-widget_type=\"text-editor.default\">\n\t\t\t\t\t\t\t\t\t<p><img fetchpriority=\"high\" decoding=\"async\" class=\"alignnone size-full wp-image-600\" src=\"https:\/\/salamadance.fi\/wp-content\/uploads\/2026\/03\/Via-Karelia-lopullinen-ilme-pysty.jpg\" alt=\"\" width=\"595\" height=\"842\" \/><\/p>\t\t\t\t\t\t\t\t<\/div>\n\t\t\t\t\t<\/div>\n\t\t\t\t<\/div>\n\t\t<div class=\"elementor-element elementor-element-ac29ceb e-flex e-con-boxed e-con e-parent\" data-id=\"ac29ceb\" data-element_type=\"container\">\n\t\t\t\t\t<div class=\"e-con-inner\">\n\t\t\t\t<div class=\"elementor-element elementor-element-1e27bd4 elementor-widget-divider--view-line elementor-widget elementor-widget-divider\" data-id=\"1e27bd4\" data-element_type=\"widget\" data-widget_type=\"divider.default\">\n\t\t\t\t\t\t\t<div class=\"elementor-divider\">\n\t\t\t<span class=\"elementor-divider-separator\">\n\t\t\t\t\t\t<\/span>\n\t\t<\/div>\n\t\t\t\t\t\t<\/div>\n\t\t\t\t\t<\/div>\n\t\t\t\t<\/div>\n\t\t<div class=\"elementor-element elementor-element-08ee802 e-flex e-con-boxed e-con e-parent\" data-id=\"08ee802\" data-element_type=\"container\">\n\t\t\t\t\t<div class=\"e-con-inner\">\n\t\t\t\t<div class=\"elementor-element elementor-element-87189b3 elementor-widget elementor-widget-heading\" data-id=\"87189b3\" data-element_type=\"widget\" data-widget_type=\"heading.default\">\n\t\t\t\t\t<h2 class=\"elementor-heading-title elementor-size-default\">Ty\u00f6ryhm\u00e4 \n\n<\/h2>\t\t\t\t<\/div>\n\t\t\t\t\t<\/div>\n\t\t\t\t<\/div>\n\t\t<div class=\"elementor-element elementor-element-e5f9e91 e-grid e-con-boxed e-con e-parent\" data-id=\"e5f9e91\" data-element_type=\"container\">\n\t\t\t\t\t<div class=\"e-con-inner\">\n\t\t\t\t<div class=\"elementor-element elementor-element-f3655ef elementor-widget elementor-widget-text-editor\" data-id=\"f3655ef\" data-element_type=\"widget\" data-widget_type=\"text-editor.default\">\n\t\t\t\t\t\t\t\t\t<p><strong>Heidi Tiainen\u00a0<\/strong><\/p><p>Olen hersyv\u00e4n it\u00e4suomalaisen luonteen omaava tanssitaiteilija, joka on valmistunut tanssitaiteen maisteriksi Teatterikorkeakoulusta 2014 ja tanssinopettajaksi (AMK) Turun taideakatemiasta 2009. Olen viett\u00e4nyt lapsuuden sek\u00e4 nuoruuden Imatralla ja t\u00e4ll\u00e4 hetkell\u00e4 asun Helsingiss\u00e4. Olen toiminut tanssijana nykytanssin kent\u00e4ll\u00e4 yli kahdentoista vuoden ajan ty\u00f6skennellen useiden eri koreografien kanssa. Olen ollut esiintyj\u00e4n\u00e4 my\u00f6s nukketeatteria ja tulitaidetta yhdist\u00e4viss\u00e4 teoksissa, oopperaproduktioissa sek\u00e4 lastenteatteriteoksissa. Vahvan nykytanssitaustan omaavana tanssijana olen l\u00e4sn\u00e4oleva, herkk\u00e4, musikaalinen ja ilmaisuvoimainen liikkuja. Heitt\u00e4ydyn hetkeen inspiroituen luonnosta, tanssista ja \u00e4\u00e4nenk\u00e4yt\u00f6st\u00e4 sek\u00e4 n\u00e4iden vuorovaikutuksesta.<\/p><p>Kehoni kantaa tiedostamatonta viisautta, joka opettaa minua. Vaalin kehoani rakkaudella, koska se on el\u00e4m\u00e4n kotini. Aistin hienovaraisesti sen tuomia viestej\u00e4, jotka kertovat olotilani. Ajoittain kipin\u00f6in energisen\u00e4 ja toisinaan maadoitun hiljaisuudessa hengitellen. Kehoni kaipaa \u00e4\u00e4rip\u00e4it\u00e4, jotta voin l\u00f6yt\u00e4\u00e4 tasapainon.<\/p><p><a href=\"https:\/\/www.heiditiainen.com\/\">https:\/\/www.heiditiainen.com\/<\/a><\/p>\t\t\t\t\t\t\t\t<\/div>\n\t\t\t\t<div class=\"elementor-element elementor-element-77bedf2 elementor-widget elementor-widget-text-editor\" data-id=\"77bedf2\" data-element_type=\"widget\" data-widget_type=\"text-editor.default\">\n\t\t\t\t\t\t\t\t\t<p><img decoding=\"async\" class=\"alignnone size-full wp-image-556\" src=\"https:\/\/salamadance.fi\/wp-content\/uploads\/2026\/03\/heidi_tiainen_1_photoSoiliHuhtakallio.jpg\" alt=\"\" \/><\/p><p>Kuva: Soili Huhtakallio<\/p>\t\t\t\t\t\t\t\t<\/div>\n\t\t\t\t<div class=\"elementor-element elementor-element-ec099ea elementor-widget elementor-widget-text-editor\" data-id=\"ec099ea\" data-element_type=\"widget\" data-widget_type=\"text-editor.default\">\n\t\t\t\t\t\t\t\t\t<p><strong>Hilppa Huusman<\/strong><\/p><p>Olen rempse\u00e4 imatralaisl\u00e4ht\u00f6inen tanssija ja tanssinopettaja (AMK). Tanssinopettajaksi valmistuin Kuopion Savonia-ammattikorkeakoulusta kev\u00e4\u00e4ll\u00e4 2022 p\u00e4\u00e4aineinani jazz-ja nykytanssi. Valmistumiseni j\u00e4lkeen olen opettanut tanssia Imatralla, Lappeenrannassa, Helsingiss\u00e4 sek\u00e4 Turussa. Opettamisen lis\u00e4ksi olen toiminut tanssijana mm Turku Youth Companyssa sek\u00e4 Lappeenrannan kes\u00e4teatterissa. Kev\u00e4\u00e4n 2026 olen paneutumassa omaan taiteelliseen ty\u00f6skentelyyn ja suorittamassa ammattilaisille suunnattuja nykytanssin syvent\u00e4vi\u00e4 opintoja Outokummussa.\u00a0<\/p><p>Tanssijana ominaisinta minulle on nykytanssin lattiatekniikka, kontaktity\u00f6skentely sek\u00e4 oma\u00e4\u00e4ninen improvisaatio, mutta vahvan ja laajan tanssiteknisen taustani ansiosta olen mukautuvainen moneen. Pid\u00e4n kehon haastamisesta fyysisesti \u00e4\u00e4rirajoille, mutta my\u00f6s pys\u00e4htymisest\u00e4 herk\u00e4n, aistivan liikkeen \u00e4\u00e4relle. Minua kiinnostaa kehollisen l\u00e4sn\u00e4olon tarkastelu ja sen vaikutus yleis\u00f6n ja esiintyj\u00e4n suhteeseen. Koen, ett\u00e4 tanssi, liike ja esiiintyminen mahdollistavat minulle t\u00e4ysin ainutlaatuisen yhteyden oman kehoni ja ymp\u00e4r\u00f6iv\u00e4n maailman kanssa, ja se on jotain mit\u00e4 haluan vaalia, mutta my\u00f6s jakaa mahdollisimman monen kanssa.\u00a0<\/p>\t\t\t\t\t\t\t\t<\/div>\n\t\t\t\t<div class=\"elementor-element elementor-element-59b134a elementor-widget elementor-widget-text-editor\" data-id=\"59b134a\" data-element_type=\"widget\" data-widget_type=\"text-editor.default\">\n\t\t\t\t\t\t\t\t\t<p><img decoding=\"async\" class=\"alignnone size-full wp-image-595\" src=\"https:\/\/salamadance.fi\/wp-content\/uploads\/2026\/03\/mie26-scaled.jpeg\" alt=\"\" width=\"2560\" height=\"1920\" \/><\/p>\n<p>Kuva: Milo Maxim Louhimo<\/p>\t\t\t\t\t\t\t\t<\/div>\n\t\t\t\t\t<\/div>\n\t\t\t\t<\/div>\n\t\t<div class=\"elementor-element elementor-element-33455b0 e-grid e-con-boxed e-con e-parent\" data-id=\"33455b0\" data-element_type=\"container\">\n\t\t\t\t\t<div class=\"e-con-inner\">\n\t\t\t\t<div class=\"elementor-element elementor-element-a4881eb elementor-widget elementor-widget-text-editor\" data-id=\"a4881eb\" data-element_type=\"widget\" data-widget_type=\"text-editor.default\">\n\t\t\t\t\t\t\t\t\t<p><strong>Sanna Salama<\/strong><\/p><p>Oman nykytanssicompanyn perustaminen on ollut aina yksi unelmistani. Nyt se on vihdoin totta vuonna 2026! Olen onnekas l\u00f6yt\u00e4ess\u00e4ni rinnalleni it\u00e4suomalaisia tanssintekij\u00f6it\u00e4. Historiastani ja koulutuksestani voit lukea lis\u00e4\u00e4 kohdasta Sanna.\u00a0<\/p><p>Tanssijana ja esiintyj\u00e4n\u00e4 olen voimakas, teatraalinen ja monipuolinen. Ymm\u00e4rr\u00e4n oman kehoni vahvuudet ja heikkoudet. Omassa liikekieless\u00e4 yhdistyv\u00e4t nykytanssin tekniset elementit katutanssilajien rentouteen ja maadoittuvaan kehonk\u00e4ytt\u00f6\u00f6n. Tanssijana olen monessa liemess\u00e4 keitetty: viimeiseen iskuun hiottu musikaalitanssija, mutta my\u00f6s improvisoitujen esitysten esiintyj\u00e4, joka el\u00e4\u00e4 vahvasti hetkess\u00e4. Rakastan yleis\u00f6kontaktia ja havainnoin herk\u00e4sti energiaa lavan ulkopuolelta.\u00a0<\/p><p>Kehoni on mieleni ja mielell\u00e4ni olen kehossani. Viime vuosina olen tutkinut paljon erilaisia psykofyysisen terapian menetelmi\u00e4 ja ymm\u00e4rt\u00e4nyt ett\u00e4 tanssi on tuonut minulle paljon keinoja tunteiden k\u00e4sittelyyn, palautumiseen ja hyvinvointiin tiedostamattani. Kehollisesti haluan kokea mahdollisimman paljon ja n\u00e4in tutkia miss\u00e4 rajani kulkevat ja mink\u00e4laisia mahdollisuuksia minussa asuu.\u00a0<\/p>\t\t\t\t\t\t\t\t<\/div>\n\t\t\t\t<div class=\"elementor-element elementor-element-8c88c76 elementor-widget elementor-widget-text-editor\" data-id=\"8c88c76\" data-element_type=\"widget\" data-widget_type=\"text-editor.default\">\n\t\t\t\t\t\t\t\t\t<p><img loading=\"lazy\" decoding=\"async\" class=\"alignnone size-full wp-image-584\" src=\"https:\/\/salamadance.fi\/wp-content\/uploads\/2026\/03\/DSN1733.jpg\" alt=\"\" width=\"2048\" height=\"1365\" srcset=\"https:\/\/salamadance.fi\/wp-content\/uploads\/2026\/03\/DSN1733.jpg 2048w, https:\/\/salamadance.fi\/wp-content\/uploads\/2026\/03\/DSN1733-1536x1024.jpg 1536w\" sizes=\"(max-width: 2048px) 100vw, 2048px\" \/><\/p><p>Kuva: Terhi T\u00f6yry<\/p>\t\t\t\t\t\t\t\t<\/div>\n\t\t\t\t\t<\/div>\n\t\t\t\t<\/div>\n\t\t<div class=\"elementor-element elementor-element-08bfee3 e-flex e-con-boxed e-con e-parent\" data-id=\"08bfee3\" data-element_type=\"container\">\n\t\t\t\t\t<div class=\"e-con-inner\">\n\t\t<div class=\"elementor-element elementor-element-1e456bd e-con-full e-flex e-con e-child\" data-id=\"1e456bd\" data-element_type=\"container\">\n\t\t\t\t<div class=\"elementor-element elementor-element-431495f elementor-widget elementor-widget-text-editor\" data-id=\"431495f\" data-element_type=\"widget\" data-widget_type=\"text-editor.default\">\n\t\t\t\t\t\t\t\t\t<p><strong>Susanna Kivinen<\/strong><\/p>\n<p><span class=\"TextRun SCXW52509269 BCX0\" lang=\"FI-FI\" xml:lang=\"FI-FI\" data-contrast=\"none\"><span class=\"NormalTextRun SCXW52509269 BCX0\">Susanna Kivinen on lappeenrantalainen koreografi ja tanssinopettaja. P\u00e4\u00e4lajina Kivisell\u00e4 on suomalainen kansantanssi, jonka saralla h\u00e4n on luonut useita tanssiteoksia eri ryhmille ymp\u00e4ri Suomea. Kansantanssi on Kivisen liikkeellinen koti, juuret, josta ammentaa, luoda uutta ja palata aina takaisin.\u00a0<\/span><\/span><span class=\"EOP SCXW52509269 BCX0\" data-ccp-props=\"{}\">\u00a0<\/span><\/p>\n<p>\u00a0<\/p>\t\t\t\t\t\t\t\t<\/div>\n\t\t\t\t<\/div>\n\t\t\t\t<div class=\"elementor-element elementor-element-71e16fc elementor-widget elementor-widget-text-editor\" data-id=\"71e16fc\" data-element_type=\"widget\" data-widget_type=\"text-editor.default\">\n\t\t\t\t\t\t\t\t\t<p><img loading=\"lazy\" decoding=\"async\" class=\"alignnone size-full wp-image-653\" src=\"https:\/\/salamadance.fi\/wp-content\/uploads\/2026\/04\/WhatsApp-Image-2026-04-10-at-12.40.22.jpeg\" alt=\"\" width=\"1600\" height=\"1068\" srcset=\"https:\/\/salamadance.fi\/wp-content\/uploads\/2026\/04\/WhatsApp-Image-2026-04-10-at-12.40.22.jpeg 1600w, https:\/\/salamadance.fi\/wp-content\/uploads\/2026\/04\/WhatsApp-Image-2026-04-10-at-12.40.22-1536x1025.jpeg 1536w\" sizes=\"(max-width: 1600px) 100vw, 1600px\" \/><\/p>\n<p>Kuva: Terhi T\u00f6yry<\/p>\t\t\t\t\t\t\t\t<\/div>\n\t\t\t\t\t<\/div>\n\t\t\t\t<\/div>\n\t\t\t\t<\/div>\n\t\t","protected":false},"excerpt":{"rendered":"<p>Via Karelia Ennen l\u00e4ht\u00f6 oli pakollinen, nyt se on valinta. \u00a0 Via Karelia on ylisukupolvinen nykytanssiteos kehollisesta kotiseutukokemuksesta. Se ammentaa karjalaisesta runolauluperinteest\u00e4, Via Karelia -matkailureitin historiasta, tanssijoiden henkil\u00f6kohtaisista poluista ammattilaisiksi sek\u00e4 Siiri Salaman muistelmista ajalta ennen sotaa.\u00a0Liike toimii ruumiillisena runolauluna, jossa yksil\u00f6llinen ja yhteinen sek\u00e4 moderni ja perinteinen kietoutuvat toisiinsa. \u00a0 Via Karelia kutsuu sinut [&hellip;]<\/p>\n","protected":false},"author":1,"featured_media":0,"parent":0,"menu_order":0,"comment_status":"closed","ping_status":"closed","template":"","meta":{"footnotes":""},"categories":[],"tags":[],"class_list":["post-530","page","type-page","status-publish","hentry"],"_links":{"self":[{"href":"https:\/\/salamadance.fi\/index.php?rest_route=\/wp\/v2\/pages\/530","targetHints":{"allow":["GET"]}}],"collection":[{"href":"https:\/\/salamadance.fi\/index.php?rest_route=\/wp\/v2\/pages"}],"about":[{"href":"https:\/\/salamadance.fi\/index.php?rest_route=\/wp\/v2\/types\/page"}],"author":[{"embeddable":true,"href":"https:\/\/salamadance.fi\/index.php?rest_route=\/wp\/v2\/users\/1"}],"replies":[{"embeddable":true,"href":"https:\/\/salamadance.fi\/index.php?rest_route=%2Fwp%2Fv2%2Fcomments&post=530"}],"version-history":[{"count":97,"href":"https:\/\/salamadance.fi\/index.php?rest_route=\/wp\/v2\/pages\/530\/revisions"}],"predecessor-version":[{"id":659,"href":"https:\/\/salamadance.fi\/index.php?rest_route=\/wp\/v2\/pages\/530\/revisions\/659"}],"wp:attachment":[{"href":"https:\/\/salamadance.fi\/index.php?rest_route=%2Fwp%2Fv2%2Fmedia&parent=530"}],"wp:term":[{"taxonomy":"category","embeddable":true,"href":"https:\/\/salamadance.fi\/index.php?rest_route=%2Fwp%2Fv2%2Fcategories&post=530"},{"taxonomy":"post_tag","embeddable":true,"href":"https:\/\/salamadance.fi\/index.php?rest_route=%2Fwp%2Fv2%2Ftags&post=530"}],"curies":[{"name":"wp","href":"https:\/\/api.w.org\/{rel}","templated":true}]}}